{"id":48,"date":"2022-01-27T00:09:50","date_gmt":"2022-01-27T00:09:50","guid":{"rendered":"https:\/\/hoga.org.vn\/?page_id=48"},"modified":"2022-03-23T14:37:19","modified_gmt":"2022-03-23T07:37:19","slug":"tai-lieu-va-an-pham","status":"publish","type":"page","link":"https:\/\/hoga.org.vn\/?page_id=48","title":{"rendered":"T\u00e0i li\u1ec7u v\u00e0 \u1ea4n ph\u1ea9m"},"content":{"rendered":"\n<p>Nh\u1eb1m m\u1ee5c \u0111\u00edch gi\u00fap n\u1ed9i dung c\u1ee7a T\u1ea1p ch\u00ed Th\u1eddi S\u1ef1 Y h\u1ecdc ng\u00e0y c\u00e0ng phong ph\u00fa, ch\u1ea5t l\u01b0\u1ee3ng v\u00e0 c\u0169ng \u0111\u1ec3 th\u1ef1c hi\u1ec7n ch\u1ee7 tr\u01b0\u01a1ng c\u1ee7a H\u1ed9i Y H\u1ecdc TP.HCM t\u1ea1o \u0111i\u1ec1u ki\u1ec7n \u0111\u1ec3 c\u00e1c chuy\u00ean khoa c\u00f3 ph\u01b0\u01a1ng ti\u1ec7n ph\u00e1t tri\u1ec3n ho\u1ea1t \u0111\u1ed9ng khoa h\u1ecdc k\u1ef9 thu\u1eadt c\u1ee7a chuy\u00ean ng\u00e0nh m\u00ecnh, t\u1ea1p ch\u00ed Th\u1eddi S\u1ef1 Y H\u1ecdc s\u1ebd m\u1edf r\u1ed9ng m\u1ee5c ti\u00eau ho\u1ea1t \u0111\u1ed9ng v\u1ec1 ph\u01b0\u01a1ng di\u1ec7n th\u00f4ng tin khoa h\u1ecdc b\u1eb1ng s\u1ef1 k\u1ebft h\u1ee3p v\u1edbi c\u00e1c H\u1ed9i chuy\u00ean khoa \u0111\u1ec3 cho ra c\u00e1c s\u1ed1 chuy\u00ean \u0111\u1ec1 y h\u1ecdc m\u1ed7i 2 th\u00e1ng m\u1ed9t l\u1ea7n. M\u1ed7i k\u1ef3 xu\u1ea5t b\u1ea3n l\u00e0 m\u1ed9t chuy\u00ean \u0111\u1ec1 kh\u00e1c nhau do ch\u00ednh H\u1ed9i chuy\u00ean khoa \u0111\u00f3 ph\u1ee5 tr\u00e1ch n\u1ed9i dung v\u00e0 ph\u00e2n ph\u1ed1i. T\u1ea1p ch\u00ed Th\u1eddi S\u1ef1 Y H\u1ecdc &#8211; Chuy\u00ean \u0111\u1ec1 v\u1ec1 S\u1ee9c kh\u1ecfe Sinh s\u1ea3n c\u1ee7a H\u1ed9i Ph\u1ee5 s\u1ea3n TP.HCM, Ch\u00fang t\u00f4i xin tr\u00e2n tr\u1ecdng gi\u1edbi thi\u1ec7u c\u00f9ng b\u1ea1n \u0111\u1ecdc v\u00e0 r\u1ea5t mong nh\u1eadn s\u1ef1 h\u1ee3p t\u00e1c th\u01b0\u1eddng xuy\u00ean c\u1ee7a c\u00e1c chuy\u00ean khoa kh\u00e1c trong c\u00e1c s\u1ed1 ti\u1ebfp theo. <\/p>\n\n\n\n<p class=\"has-text-align-right\"><strong>Ban Bi\u00ean T\u1eadp T\u1ea1p ch\u00ed Th\u1eddi S\u1ef1 Y H\u1ecdc<br><\/strong><\/p>\n\n\n\n<div class=\"wp-block-media-text alignwide is-stacked-on-mobile\"><figure class=\"wp-block-media-text__media\"><img loading=\"lazy\" decoding=\"async\" width=\"761\" height=\"530\" src=\"https:\/\/hoga.org.vn\/wp-content\/uploads\/2022\/01\/Untitled2.png\" alt=\"\" class=\"wp-image-80 size-full\" srcset=\"https:\/\/hoga.org.vn\/wp-content\/uploads\/2022\/01\/Untitled2.png 761w, https:\/\/hoga.org.vn\/wp-content\/uploads\/2022\/01\/Untitled2-300x209.png 300w\" sizes=\"auto, (max-width: 761px) 100vw, 761px\" \/><\/figure><div class=\"wp-block-media-text__content\">\n<p class=\"has-medium-font-size\"><strong>M\u1eddi qu\u00fd \u0111\u1ed9c gi\u1ea3 xem c\u00e1c \u1ea5n ph\u1ea9m qua b\u1ea3n \u0111i\u1ec7n t\u1eed<\/strong><\/p>\n\n\n\n<div class=\"wp-block-buttons is-layout-flex wp-block-buttons-is-layout-flex\">\n<div class=\"wp-block-button is-style-fill\"><a class=\"wp-block-button__link\" href=\"https:\/\/drive.google.com\/drive\/folders\/0B2_UdaQQ-br0Y3hDdm5aZ1A4Q2c?resourcekey=0-dtjVMYPmDmzrYspXsv63Bw&amp;usp=sharing\">Truy c\u1eadp ngay<\/a><\/div>\n<\/div>\n<\/div><\/div>\n\n\n\n<div class=\"wp-block-media-text alignwide has-media-on-the-right is-stacked-on-mobile\"><figure class=\"wp-block-media-text__media\"><img loading=\"lazy\" decoding=\"async\" width=\"942\" height=\"380\" src=\"https:\/\/hoga.org.vn\/wp-content\/uploads\/2022\/01\/71384070_1919811201455065_5600569235802685440_n-2.jpg\" alt=\"\" class=\"wp-image-15 size-full\" srcset=\"https:\/\/hoga.org.vn\/wp-content\/uploads\/2022\/01\/71384070_1919811201455065_5600569235802685440_n-2.jpg 942w, https:\/\/hoga.org.vn\/wp-content\/uploads\/2022\/01\/71384070_1919811201455065_5600569235802685440_n-2-300x121.jpg 300w, https:\/\/hoga.org.vn\/wp-content\/uploads\/2022\/01\/71384070_1919811201455065_5600569235802685440_n-2-768x310.jpg 768w, https:\/\/hoga.org.vn\/wp-content\/uploads\/2022\/01\/71384070_1919811201455065_5600569235802685440_n-2-149x60.jpg 149w\" sizes=\"auto, (max-width: 942px) 100vw, 942px\" \/><\/figure><div class=\"wp-block-media-text__content\">\n<p class=\"has-medium-font-size\"><strong>T\u00e0i li\u1ec7u h\u1ed9i ngh\u1ecb khoa h\u1ecdc<\/strong><\/p>\n\n\n\n<div class=\"wp-block-buttons is-layout-flex wp-block-buttons-is-layout-flex\">\n<div class=\"wp-block-button\"><a class=\"wp-block-button__link\" href=\"https:\/\/drive.google.com\/drive\/folders\/0B2_UdaQQ-br0WU1GR3M5MjN1TmM?resourcekey=0-BBeGZK1Urv746Dg9-JT9VA&amp;usp=sharing\">Xem th\u00eam<\/a><\/div>\n<\/div>\n<\/div><\/div>\n\n\n\n<p><\/p>\n","protected":false},"excerpt":{"rendered":"<p>Nh\u1eb1m m\u1ee5c \u0111\u00edch gi\u00fap n\u1ed9i dung c\u1ee7a T\u1ea1p ch\u00ed Th\u1eddi S\u1ef1 Y h\u1ecdc ng\u00e0y c\u00e0ng phong ph\u00fa, ch\u1ea5t l\u01b0\u1ee3ng v\u00e0 c\u0169ng \u0111\u1ec3 th\u1ef1c hi\u1ec7n ch\u1ee7&hellip;<\/p>\n","protected":false},"author":1,"featured_media":49,"parent":0,"menu_order":0,"comment_status":"closed","ping_status":"closed","template":"","meta":{"_uag_custom_page_level_css":"","footnotes":""},"class_list":["post-48","page","type-page","status-publish","has-post-thumbnail","hentry"],"uagb_featured_image_src":{"full":["https:\/\/hoga.org.vn\/wp-content\/uploads\/2022\/01\/cover_banner_web_tapchi.png",1287,488,false],"thumbnail":["https:\/\/hoga.org.vn\/wp-content\/uploads\/2022\/01\/cover_banner_web_tapchi-150x150.png",150,150,true],"medium":["https:\/\/hoga.org.vn\/wp-content\/uploads\/2022\/01\/cover_banner_web_tapchi-300x114.png",300,114,true],"medium_large":["https:\/\/hoga.org.vn\/wp-content\/uploads\/2022\/01\/cover_banner_web_tapchi-768x291.png",768,291,true],"large":["https:\/\/hoga.org.vn\/wp-content\/uploads\/2022\/01\/cover_banner_web_tapchi-1024x388.png",843,319,true],"1536x1536":["https:\/\/hoga.org.vn\/wp-content\/uploads\/2022\/01\/cover_banner_web_tapchi.png",1287,488,false],"2048x2048":["https:\/\/hoga.org.vn\/wp-content\/uploads\/2022\/01\/cover_banner_web_tapchi.png",1287,488,false]},"uagb_author_info":{"display_name":"Ban Bi\u00ean t\u1eadp","author_link":"https:\/\/hoga.org.vn\/?author=1"},"uagb_comment_info":0,"uagb_excerpt":"Nh\u1eb1m m\u1ee5c \u0111\u00edch gi\u00fap n\u1ed9i dung c\u1ee7a T\u1ea1p ch\u00ed Th\u1eddi S\u1ef1 Y h\u1ecdc ng\u00e0y c\u00e0ng phong ph\u00fa, ch\u1ea5t l\u01b0\u1ee3ng v\u00e0 c\u0169ng \u0111\u1ec3 th\u1ef1c hi\u1ec7n ch\u1ee7&hellip;","_links":{"self":[{"href":"https:\/\/hoga.org.vn\/index.php?rest_route=\/wp\/v2\/pages\/48","targetHints":{"allow":["GET"]}}],"collection":[{"href":"https:\/\/hoga.org.vn\/index.php?rest_route=\/wp\/v2\/pages"}],"about":[{"href":"https:\/\/hoga.org.vn\/index.php?rest_route=\/wp\/v2\/types\/page"}],"author":[{"embeddable":true,"href":"https:\/\/hoga.org.vn\/index.php?rest_route=\/wp\/v2\/users\/1"}],"replies":[{"embeddable":true,"href":"https:\/\/hoga.org.vn\/index.php?rest_route=%2Fwp%2Fv2%2Fcomments&post=48"}],"version-history":[{"count":10,"href":"https:\/\/hoga.org.vn\/index.php?rest_route=\/wp\/v2\/pages\/48\/revisions"}],"predecessor-version":[{"id":180,"href":"https:\/\/hoga.org.vn\/index.php?rest_route=\/wp\/v2\/pages\/48\/revisions\/180"}],"wp:featuredmedia":[{"embeddable":true,"href":"https:\/\/hoga.org.vn\/index.php?rest_route=\/wp\/v2\/media\/49"}],"wp:attachment":[{"href":"https:\/\/hoga.org.vn\/index.php?rest_route=%2Fwp%2Fv2%2Fmedia&parent=48"}],"curies":[{"name":"wp","href":"https:\/\/api.w.org\/{rel}","templated":true}]}}