{"id":35,"date":"2022-01-26T11:48:00","date_gmt":"2022-01-26T11:48:00","guid":{"rendered":"https:\/\/hoga.org.vn\/?page_id=35"},"modified":"2025-12-21T16:45:58","modified_gmt":"2025-12-21T09:45:58","slug":"gioi-thieu-hoi-phu-san-thanh-pho-ho-chi-minh","status":"publish","type":"page","link":"https:\/\/hoga.org.vn\/?page_id=35","title":{"rendered":"Gi\u1edbi thi\u1ec7u"},"content":{"rendered":"\n<p>H\u1ed9i Ph\u1ee5 S\u1ea3n TP H\u1ed3 Ch\u00ed Minh (HOGA &#8211; HoChiMinh\u00a0city\u00a0Obstetric\u00a0and\u00a0Gynecology Association) \u0111\u00e3 \u0111\u01b0\u1ee3c th\u00e0nh l\u1eadp ng\u00e0y 17\/7\/1986, l\u00e0 m\u1ed9t t\u1ed5 ch\u1ee9c x\u00e3 h\u1ed9i ngh\u1ec1\u00a0nghi\u1ec7p t\u1eadp h\u1ee3p nh\u1eefng t\u1ed5 ch\u1ee9c v\u00e0 c\u00e1 nh\u00e2n l\u00e0 nh\u1eefng\u00a0B\u00e1c s\u0129 ho\u1ea1t \u0111\u1ed9ng li\u00ean quan \u0111\u1ebfn l\u0129nh v\u1ef1c S\u1ea3n khoa,\u00a0Ph\u1ee5 khoa, S\u01a1 sinh v\u00e0 K\u1ebf ho\u1ea1ch Gia \u0111\u00ecnh.<\/p>\n\n\n\n<p>M\u1ee5c ti\u00eau&nbsp;ho\u1ea1t \u0111\u1ed9ng c\u1ee7a H\u1ed9i l\u00e0 t\u1eadp h\u1ee3p, h\u1ed7 tr\u1ee3 c\u00e1c H\u1ed9i vi\u00ean&nbsp;n\u00e2ng cao ki\u1ebfn th\u1ee9c, k\u1ef7 n\u0103ng chuy\u00ean m\u00f4n, \u1ee9ng d\u1ee5ng&nbsp;nh\u1eefng k\u1ebft qu\u1ea3 nghi\u00ean c\u1ee9u khoa h\u1ecdc thu\u1ed9c chuy\u00ean&nbsp;ng\u00e0nh S\u1ea3n Ph\u1ee5 Khoa th\u00f4ng qua nh\u1eefng ch\u01b0\u01a1ng tr\u00ecnh&nbsp;\u0111\u00e0o t\u1ea1o li\u00ean t\u1ee5c, nh\u1eefng H\u1ed9i ngh\u1ecb, h\u1ed9i th\u1ea3o Khoa h\u1ecdc&nbsp;do H\u1ed9i t\u1ed5 ch\u1ee9c \u0111\u1ecbnh k\u1ef3 h\u00e0ng n\u0103m, b\u1ea3o v\u1ec7 l\u1ee3i \u00edch h\u1ee3p ph\u00e1p c\u1ee7a H\u1ed9i vi\u00ean, g\u00f3p ph\u1ea7n v\u00e0o s\u1ef1 nghi\u1ec7p ph\u00e1t tri\u1ec3n ng\u00e0nh Y t\u1ebf Vi\u1ec7t Nam.<\/p>\n\n\n\n<p><strong>Logo c\u1ee7a H\u1ed9i<\/strong><\/p>\n\n\n<div class=\"wp-block-image is-style-default\">\n<figure class=\"aligncenter size-full\"><img loading=\"lazy\" decoding=\"async\" width=\"201\" height=\"202\" src=\"https:\/\/hoga.org.vn\/wp-content\/uploads\/2022\/01\/logohoga-3.png\" alt=\"\" class=\"wp-image-5\" srcset=\"https:\/\/hoga.org.vn\/wp-content\/uploads\/2022\/01\/logohoga-3.png 201w, https:\/\/hoga.org.vn\/wp-content\/uploads\/2022\/01\/logohoga-3-150x150.png 150w, https:\/\/hoga.org.vn\/wp-content\/uploads\/2022\/01\/logohoga-3-70x70.png 70w, https:\/\/hoga.org.vn\/wp-content\/uploads\/2022\/01\/logohoga-3-125x125.png 125w\" sizes=\"auto, (max-width: 201px) 100vw, 201px\" \/><\/figure>\n<\/div>\n\n\n<p><strong>C\u00e1c trang m\u1ea1ng x\u00e3 h\u1ed9i ch\u00ednh th\u1ee9c<\/strong><\/p>\n\n\n\n<ul class=\"wp-block-list\">\n<li>Youtube: <a href=\"https:\/\/www.youtube.com\/channel\/UCf-Yd1G0di_DSfUyIqRDitw\">H\u1ed9i Ph\u1ee5 S\u1ea3n TPHCM<\/a><\/li>\n\n\n\n<li>Facebook: <a href=\"https:\/\/www.facebook.com\/hoiphusantphcm\">H\u1ed9i Ph\u1ee5 S\u1ea3n TPHCM<\/a><\/li>\n\n\n\n<li>Trang web: <a href=\"https:\/\/hoga.org.vn\/\">https:\/\/hoga.org.vn\/<\/a><\/li>\n<\/ul>\n\n\n\n<figure class=\"wp-block-image alignwide size-full\"><img loading=\"lazy\" decoding=\"async\" width=\"1024\" height=\"442\" src=\"https:\/\/hoga.org.vn\/wp-content\/uploads\/456484456_941999507968732_323486985145068378_n-1024x442-1.jpg\" alt=\"\" class=\"wp-image-685\" srcset=\"https:\/\/hoga.org.vn\/wp-content\/uploads\/456484456_941999507968732_323486985145068378_n-1024x442-1.jpg 1024w, https:\/\/hoga.org.vn\/wp-content\/uploads\/456484456_941999507968732_323486985145068378_n-1024x442-1-300x129.jpg 300w, https:\/\/hoga.org.vn\/wp-content\/uploads\/456484456_941999507968732_323486985145068378_n-1024x442-1-768x332.jpg 768w\" sizes=\"auto, (max-width: 1024px) 100vw, 1024px\" \/><\/figure>\n","protected":false},"excerpt":{"rendered":"<p>H\u1ed9i Ph\u1ee5 S\u1ea3n TP H\u1ed3 Ch\u00ed Minh (HOGA &#8211; HoChiMinh\u00a0city\u00a0Obstetric\u00a0and\u00a0Gynecology Association) \u0111\u00e3 \u0111\u01b0\u1ee3c th\u00e0nh l\u1eadp ng\u00e0y 17\/7\/1986, l\u00e0 m\u1ed9t t\u1ed5 ch\u1ee9c x\u00e3 h\u1ed9i ngh\u1ec1\u00a0nghi\u1ec7p t\u1eadp&hellip;<\/p>\n","protected":false},"author":1,"featured_media":15,"parent":0,"menu_order":0,"comment_status":"closed","ping_status":"closed","template":"","meta":{"_uag_custom_page_level_css":"","footnotes":""},"class_list":["post-35","page","type-page","status-publish","has-post-thumbnail","hentry"],"uagb_featured_image_src":{"full":["https:\/\/hoga.org.vn\/wp-content\/uploads\/2022\/01\/71384070_1919811201455065_5600569235802685440_n-2.jpg",942,380,false],"thumbnail":["https:\/\/hoga.org.vn\/wp-content\/uploads\/2022\/01\/71384070_1919811201455065_5600569235802685440_n-2-150x150.jpg",150,150,true],"medium":["https:\/\/hoga.org.vn\/wp-content\/uploads\/2022\/01\/71384070_1919811201455065_5600569235802685440_n-2-300x121.jpg",300,121,true],"medium_large":["https:\/\/hoga.org.vn\/wp-content\/uploads\/2022\/01\/71384070_1919811201455065_5600569235802685440_n-2-768x310.jpg",768,310,true],"large":["https:\/\/hoga.org.vn\/wp-content\/uploads\/2022\/01\/71384070_1919811201455065_5600569235802685440_n-2.jpg",843,340,false],"1536x1536":["https:\/\/hoga.org.vn\/wp-content\/uploads\/2022\/01\/71384070_1919811201455065_5600569235802685440_n-2.jpg",942,380,false],"2048x2048":["https:\/\/hoga.org.vn\/wp-content\/uploads\/2022\/01\/71384070_1919811201455065_5600569235802685440_n-2.jpg",942,380,false]},"uagb_author_info":{"display_name":"Ban Bi\u00ean t\u1eadp","author_link":"https:\/\/hoga.org.vn\/?author=1"},"uagb_comment_info":0,"uagb_excerpt":"H\u1ed9i Ph\u1ee5 S\u1ea3n TP H\u1ed3 Ch\u00ed Minh (HOGA &#8211; HoChiMinh\u00a0city\u00a0Obstetric\u00a0and\u00a0Gynecology Association) \u0111\u00e3 \u0111\u01b0\u1ee3c th\u00e0nh l\u1eadp ng\u00e0y 17\/7\/1986, l\u00e0 m\u1ed9t t\u1ed5 ch\u1ee9c x\u00e3 h\u1ed9i ngh\u1ec1\u00a0nghi\u1ec7p t\u1eadp&hellip;","_links":{"self":[{"href":"https:\/\/hoga.org.vn\/index.php?rest_route=\/wp\/v2\/pages\/35","targetHints":{"allow":["GET"]}}],"collection":[{"href":"https:\/\/hoga.org.vn\/index.php?rest_route=\/wp\/v2\/pages"}],"about":[{"href":"https:\/\/hoga.org.vn\/index.php?rest_route=\/wp\/v2\/types\/page"}],"author":[{"embeddable":true,"href":"https:\/\/hoga.org.vn\/index.php?rest_route=\/wp\/v2\/users\/1"}],"replies":[{"embeddable":true,"href":"https:\/\/hoga.org.vn\/index.php?rest_route=%2Fwp%2Fv2%2Fcomments&post=35"}],"version-history":[{"count":7,"href":"https:\/\/hoga.org.vn\/index.php?rest_route=\/wp\/v2\/pages\/35\/revisions"}],"predecessor-version":[{"id":687,"href":"https:\/\/hoga.org.vn\/index.php?rest_route=\/wp\/v2\/pages\/35\/revisions\/687"}],"wp:featuredmedia":[{"embeddable":true,"href":"https:\/\/hoga.org.vn\/index.php?rest_route=\/wp\/v2\/media\/15"}],"wp:attachment":[{"href":"https:\/\/hoga.org.vn\/index.php?rest_route=%2Fwp%2Fv2%2Fmedia&parent=35"}],"curies":[{"name":"wp","href":"https:\/\/api.w.org\/{rel}","templated":true}]}}